{"id":958,"date":"2021-10-12T08:58:01","date_gmt":"2021-10-12T06:58:01","guid":{"rendered":"https:\/\/www.surgx.fr\/surgx\/?page_id=958"},"modified":"2024-03-23T14:05:36","modified_gmt":"2024-03-23T13:05:36","slug":"downloadable-resources","status":"publish","type":"page","link":"https:\/\/www.surgx.fr\/en\/downloadable-resources\/","title":{"rendered":"Downloadable resources"},"content":{"rendered":"<p>[et_pb_section fb_built=&#8221;1&#8243; _builder_version=&#8221;3.22&#8243; global_colors_info=&#8221;{}&#8221;][et_pb_row _builder_version=&#8221;3.25&#8243; background_size=&#8221;initial&#8221; background_position=&#8221;top_left&#8221; background_repeat=&#8221;repeat&#8221; global_colors_info=&#8221;{}&#8221;][et_pb_column type=&#8221;4_4&#8243; _builder_version=&#8221;3.25&#8243; custom_padding=&#8221;|||&#8221; global_colors_info=&#8221;{}&#8221; custom_padding__hover=&#8221;|||&#8221;][et_pb_text _builder_version=&#8221;4.9.7&#8243; _module_preset=&#8221;default&#8221; text_text_color=&#8221;#26BBE7&#8243; text_font_size=&#8221;12px&#8221; header_font=&#8221;||||||||&#8221; header_text_align=&#8221;left&#8221; header_3_text_align=&#8221;left&#8221; header_3_text_color=&#8221;#212D55&#8243; header_3_font_size=&#8221;42px&#8221; custom_margin=&#8221;||0px||false|false&#8221; header_3_font_tablet=&#8221;&#8221; header_3_font_phone=&#8221;&#8221; header_3_font_last_edited=&#8221;on|phone&#8221; global_colors_info=&#8221;{}&#8221;]<\/p>\n<h1>Downloadable resources<\/h1>\n<p>[\/et_pb_text][et_pb_text _builder_version=&#8221;4.9.7&#8243; header_3_text_color=&#8221;#26bbe7&#8243; header_3_font_size=&#8221;14px&#8221; background_size=&#8221;initial&#8221; background_position=&#8221;top_left&#8221; background_repeat=&#8221;repeat&#8221; global_colors_info=&#8221;{}&#8221;]<\/p>\n<h3>DOCUMENTS<\/h3>\n<p>Exclusive access and downloading of documentation, x-ray templates and scientific articles, is reserved for veterinarians with an account.<\/p>\n<p>[\/et_pb_text][et_pb_text _builder_version=&#8221;4.11.1&#8243; header_3_text_color=&#8221;#26bbe7&#8243; header_3_font_size=&#8221;14px&#8221; background_size=&#8221;initial&#8221; background_position=&#8221;top_left&#8221; background_repeat=&#8221;repeat&#8221; text_orientation=&#8221;center&#8221; custom_padding=&#8221;||10px||false|false&#8221; border_radii=&#8221;on|1px|1px|1px|1px&#8221; border_color_all=&#8221;#212D55&#8243; global_colors_info=&#8221;{}&#8221;]<\/p>\n<p style=\"text-align: center\"><div class=\"swpm-login-widget-form\">\n    <form id=\"swpm-login-form\" name=\"swpm-login-form\" method=\"post\" action=\"\">\n        <div class=\"swpm-login-form-inner\">\n            <div class=\"swpm-username-label\">\n                <label for=\"swpm_user_name\" class=\"swpm-label\">Username or Email<\/label>\n            <\/div>\n            <div class=\"swpm-username-input\">\n                <input type=\"text\" class=\"swpm-text-field swpm-username-field\" id=\"swpm_user_name\" value=\"\" size=\"25\" name=\"swpm_user_name\" \/>\n            <\/div>\n            <div class=\"swpm-password-label\">\n                <label for=\"swpm_password\" class=\"swpm-label\">Password<\/label>\n            <\/div>\n            <div class=\"swpm-password-input\">\n                <input type=\"password\" class=\"swpm-text-field swpm-password-field\" id=\"swpm_password\" value=\"\" size=\"25\" name=\"swpm_password\" \/>\n            <\/div>\n            <div class=\"swpm-remember-me\">\n                <span class=\"swpm-remember-checkbox\"><input type=\"checkbox\" name=\"rememberme\" value=\"checked='checked'\"><\/span>\n                <span class=\"swpm-rember-label\"> Remember Me<\/span>\n            <\/div>\n\n            <div class=\"swpm-before-login-submit-section\"><div class=\"swpm-recaptcha-section\" style=\"margin-bottom: 15px;\"><style type=\"text\/css\">@media screen and (max-width: 375px) {\n            .swpm_g_captcha{transform:scale(0.77);transform-origin:0;-webkit-transform:scale(0.77);-webkit-transform-origin:0 0;}\n        }<\/style><script src=\"https:\/\/www.google.com\/recaptcha\/api.js\" async defer><\/script><div class=\"swpm_g_captcha\"><div class=\"g-recaptcha\" data-sitekey=\"6LdoqygTAAAAACtO8M9nmL6XRvyFvHJNSwOKH3FI\" data-theme=\"light\" data-size=\"normal\"><\/div><\/div><\/div><\/div>\n\n            <div class=\"swpm-login-submit\">\n                <input type=\"submit\" class=\"swpm-login-form-submit\" name=\"swpm-login\" value=\"Login\"\/>\n            <\/div>\n            <div class=\"swpm-forgot-pass-link\">\n                <a id=\"forgot_pass\" class=\"swpm-login-form-pw-reset-link\"  href=\"https:\/\/www.surgx.fr\/en\/resetting-your-password\">Forgot Password?<\/a>\n            <\/div>\n            <div class=\"swpm-join-us-link\">\n                <a id=\"register\" class=\"swpm-login-form-register-link\" href=\"https:\/\/www.surgx.fr\/en\/#resources\">Join Us<\/a>\n            <\/div>\n            <div class=\"swpm-login-action-msg\">\n                <span class=\"swpm-login-widget-action-msg\"><\/span>\n            <\/div>\n        <\/div>\n    <\/form>\n<\/div>\n<\/p>\n<p>[\/et_pb_text][\/et_pb_column][\/et_pb_row][\/et_pb_section][et_pb_section fb_built=&#8221;1&#8243; admin_label=&#8221;Ressources &#8211; Doc&#8221; module_id=&#8221;ressources&#8221; _builder_version=&#8221;4.11.2&#8243; _module_preset=&#8221;default&#8221; background_image=&#8221;https:\/\/www.surgx.fr\/en\/wp-content\/uploads\/sites\/3\/2021\/06\/ressourcestelechargeables.jpg&#8221; background_position=&#8221;center_right&#8221; min_height=&#8221;440px&#8221; custom_margin=&#8221;||40px||false|false&#8221; custom_padding=&#8221;2vw||9vw||false|false&#8221; global_colors_info=&#8221;{}&#8221;][et_pb_row column_structure=&#8221;1_3,1_3,1_3&#8243; _builder_version=&#8221;4.9.7&#8243; _module_preset=&#8221;default&#8221; width=&#8221;100%&#8221; max_width=&#8221;98%&#8221; global_colors_info=&#8221;{}&#8221;][et_pb_column type=&#8221;1_3&#8243; admin_label=&#8221;Colonne&#8221; _builder_version=&#8221;4.9.7&#8243; _module_preset=&#8221;default&#8221; custom_padding=&#8221;20px|20px|20px|20px|false|false&#8221; border_radii=&#8221;on|4px|4px|4px|4px&#8221; border_width_all=&#8221;1px&#8221; border_color_all=&#8221;#FFFFFF&#8221; border_width_top=&#8221;1px&#8221; border_color_top=&#8221;#FFFFFF&#8221; global_colors_info=&#8221;{}&#8221;][et_pb_text disabled_on=&#8221;on|on|on&#8221; admin_label=&#8221;Texte&#8221; _builder_version=&#8221;4.11.3&#8243; _module_preset=&#8221;default&#8221; text_text_color=&#8221;#FFFFFF&#8221; header_2_text_color=&#8221;#FFFFFF&#8221; disabled=&#8221;on&#8221; global_colors_info=&#8221;{}&#8221;]<\/p>\n<h2 style=\"text-align: center\">User guides<\/h2>\n<p>[\/et_pb_text][et_pb_code disabled_on=&#8221;on|on|on&#8221; admin_label=&#8221;Code&#8221; _builder_version=&#8221;4.11.3&#8243; _module_preset=&#8221;default&#8221; disabled=&#8221;on&#8221; global_colors_info=&#8221;{}&#8221;]<div class=\"swpm-partial-protection\"><span class=\"swpm-partial-protection-text\">This content is for members only.<\/span><\/div><!-- [et_pb_line_break_holder] -->[\/et_pb_code][et_pb_text _builder_version=&#8221;4.11.3&#8243; _module_preset=&#8221;default&#8221; global_colors_info=&#8221;{}&#8221;]<\/p>\n<h2 style=\"text-align: center\">Users Guide<\/h2>\n<p>[\/et_pb_text][et_pb_code _builder_version=&#8221;4.11.3&#8243; _module_preset=&#8221;default&#8221; global_colors_info=&#8221;{}&#8221;]<div class=\"swpm-partial-protection\"><span class=\"swpm-partial-protection-text\">This content is for members only.<\/span><\/div>[\/et_pb_code][\/et_pb_column][et_pb_column type=&#8221;1_3&#8243; admin_label=&#8221;Colonne&#8221; _builder_version=&#8221;4.9.7&#8243; _module_preset=&#8221;default&#8221; custom_padding=&#8221;20px|20px|20px|20px|false|false&#8221; border_radii=&#8221;on|4px|4px|4px|4px&#8221; border_width_all=&#8221;1px&#8221; border_color_all=&#8221;#FFFFFF&#8221; border_width_top=&#8221;1px&#8221; border_color_top=&#8221;#FFFFFF&#8221; global_colors_info=&#8221;{}&#8221;][et_pb_text _builder_version=&#8221;4.11.2&#8243; _module_preset=&#8221;default&#8221; text_text_color=&#8221;#FFFFFF&#8221; header_text_color=&#8221;#FFFFFF&#8221; header_2_text_color=&#8221;#FFFFFF&#8221; global_colors_info=&#8221;{}&#8221;]<\/p>\n<h2 style=\"text-align: center\">X-Ray Templates<\/h2>\n<p>[\/et_pb_text][et_pb_code _builder_version=&#8221;4.9.7&#8243; _module_preset=&#8221;default&#8221; global_colors_info=&#8221;{}&#8221;]<div class=\"swpm-partial-protection\"><span class=\"swpm-partial-protection-text\">This content is for members only.<\/span><\/div><!-- [et_pb_line_break_holder] -->[\/et_pb_code][\/et_pb_column][et_pb_column type=&#8221;1_3&#8243; _builder_version=&#8221;4.9.7&#8243; _module_preset=&#8221;default&#8221; custom_padding=&#8221;20px|20px|20px|20px|false|false&#8221; border_radii=&#8221;on|4px|4px|4px|4px&#8221; border_width_all=&#8221;1px&#8221; border_color_all=&#8221;#FFFFFF&#8221; border_width_top=&#8221;1px&#8221; border_color_top=&#8221;#FFFFFF&#8221; global_colors_info=&#8221;{}&#8221;][et_pb_text _builder_version=&#8221;4.11.2&#8243; _module_preset=&#8221;default&#8221; text_text_color=&#8221;#FFFFFF&#8221; header_2_text_color=&#8221;#FFFFFF&#8221; global_colors_info=&#8221;{}&#8221;]<\/p>\n<h2 style=\"text-align: center\">Scientific Articles<\/h2>\n<p>[\/et_pb_text][et_pb_code _builder_version=&#8221;4.9.7&#8243; _module_preset=&#8221;default&#8221; global_colors_info=&#8221;{}&#8221;]<div class=\"swpm-partial-protection\"><span class=\"swpm-partial-protection-text\">This content is for members only.<\/span><\/div><!-- [et_pb_line_break_holder] -->[\/et_pb_code][et_pb_code admin_label=&#8221;Code&#8221; _builder_version=&#8221;4.9.7&#8243; _module_preset=&#8221;default&#8221; global_colors_info=&#8221;{}&#8221;]<div class=\"swpm-partial-protection\"><span class=\"swpm-partial-protection-text\">This content is for members only.<\/span><\/div><!-- [et_pb_line_break_holder] -->[\/et_pb_code][\/et_pb_column][\/et_pb_row][\/et_pb_section]<\/p>\n","protected":false},"excerpt":{"rendered":"<p>Downloadable resourcesDOCUMENTS Exclusive access and downloading of documentation, x-ray templates and scientific articles, is reserved for veterinarians with an account.<div class=\"swpm-login-widget-form\">\n    <form id=\"swpm-login-form\" name=\"swpm-login-form\" method=\"post\" action=\"\">\n        <div class=\"swpm-login-form-inner\">\n            <div class=\"swpm-username-label\">\n                <label for=\"swpm_user_name\" class=\"swpm-label\">Username or Email<\/label>\n            <\/div>\n            <div class=\"swpm-username-input\">\n                <input type=\"text\" class=\"swpm-text-field swpm-username-field\" id=\"swpm_user_name\" value=\"\" size=\"25\" name=\"swpm_user_name\" \/>\n            <\/div>\n            <div class=\"swpm-password-label\">\n                <label for=\"swpm_password\" class=\"swpm-label\">Password<\/label>\n            <\/div>\n            <div class=\"swpm-password-input\">\n                <input type=\"password\" class=\"swpm-text-field swpm-password-field\" id=\"swpm_password\" value=\"\" size=\"25\" name=\"swpm_password\" \/>\n            <\/div>\n            <div class=\"swpm-remember-me\">\n                <span class=\"swpm-remember-checkbox\"><input type=\"checkbox\" name=\"rememberme\" value=\"checked='checked'\"><\/span>\n                <span class=\"swpm-rember-label\"> Remember Me<\/span>\n            <\/div>\n\n            <div class=\"swpm-before-login-submit-section\"><div class=\"swpm-recaptcha-section\" style=\"margin-bottom: 15px;\"><style type=\"text\/css\">@media screen and (max-width: 375px) {\n            .swpm_g_captcha{transform:scale(0.77);transform-origin:0;-webkit-transform:scale(0.77);-webkit-transform-origin:0 0;}\n        }<\/style><script src=\"https:\/\/www.google.com\/recaptcha\/api.js\" async defer><\/script><div class=\"swpm_g_captcha\"><div class=\"g-recaptcha\" data-sitekey=\"6LdoqygTAAAAACtO8M9nmL6XRvyFvHJNSwOKH3FI\" data-theme=\"light\" data-size=\"normal\"><\/div><\/div><\/div><\/div>\n\n            <div class=\"swpm-login-submit\">\n                <input type=\"submit\" class=\"swpm-login-form-submit\" name=\"swpm-login\" value=\"Login\"\/>\n            <\/div>\n            <div class=\"swpm-forgot-pass-link\">\n                <a id=\"forgot_pass\" class=\"swpm-login-form-pw-reset-link\"  href=\"https:\/\/www.surgx.fr\/en\/resetting-your-password\">Forgot Password?<\/a>\n            <\/div>\n            <div class=\"swpm-join-us-link\">\n                <a id=\"register\" class=\"swpm-login-form-register-link\" href=\"https:\/\/www.surgx.fr\/en\/#resources\">Join Us<\/a>\n            <\/div>\n            <div class=\"swpm-login-action-msg\">\n                <span class=\"swpm-login-widget-action-msg\"><\/span>\n            <\/div>\n        <\/div>\n    <\/form>\n<\/div>\nUser guides<div class=\"swpm-partial-protection\"><span class=\"swpm-partial-protection-text\">This content is for members only.<\/span><\/div>Users Guide<div class=\"swpm-partial-protection\"><span class=\"swpm-partial-protection-text\">This content is for members only.<\/span><\/div>X-Ray Templates<div class=\"swpm-partial-protection\"><span class=\"swpm-partial-protection-text\">This content is for members only.<\/span><\/div>Scientific Articles<div class=\"swpm-partial-protection\"><span class=\"swpm-partial-protection-text\">This content is for members only.<\/span><\/div><div class=\"swpm-partial-protection\"><span class=\"swpm-partial-protection-text\">This content is for members only.<\/span><\/div>J. Deprey et al. (2020) In vitro comparison on a gap fracture model of a novel angle stable interlocking nail to locking plate\u2026, [&hellip;]<\/p>\n","protected":false},"author":1,"featured_media":0,"parent":0,"menu_order":0,"comment_status":"closed","ping_status":"closed","template":"","meta":{"_et_pb_use_builder":"on","_et_pb_old_content":"<!-- wp:paragraph -->\r\n<p>DOCUMENTATIONS<br>L'acc\u00e8s exclusif aux documentations, calques radiologiques et articles scientifiques, et leur t\u00e9l\u00e9chargement, est r\u00e9serv\u00e9 aux v\u00e9t\u00e9rinaires propri\u00e9taires d'un compte.<\/p>\r\n<!-- \/wp:paragraph -->\r\n\r\n<!-- wp:spacer -->\r\n<div style=\"height:100px\" aria-hidden=\"true\" class=\"wp-block-spacer\"><\/div>\r\n<!-- \/wp:spacer -->\r\n\r\n<!-- wp:paragraph -->\r\n<p><\/p>\r\n<!-- \/wp:paragraph -->","_et_gb_content_width":"1080","inline_featured_image":false},"yoast_head":"<!-- This site is optimized with the Yoast SEO plugin v17.4 - https:\/\/yoast.com\/wordpress\/plugins\/seo\/ -->\n<title>Downloadable resources - SurgX - English<\/title>\n<meta name=\"robots\" content=\"noindex, follow\" \/>\n<meta property=\"og:locale\" content=\"en_GB\" \/>\n<meta property=\"og:type\" content=\"article\" \/>\n<meta property=\"og:title\" content=\"Downloadable resources - SurgX - English\" \/>\n<meta property=\"og:description\" content=\"Downloadable resourcesDOCUMENTS Exclusive access and downloading of documentation, x-ray templates and scientific articles, is reserved for veterinarians with an account.User guidesUsers GuideX-Ray TemplatesScientific ArticlesJ. Deprey et al. (2020) In vitro comparison on a gap fracture model of a novel angle stable interlocking nail to locking plate\u2026, [&hellip;]\" \/>\n<meta property=\"og:url\" content=\"https:\/\/www.surgx.fr\/en\/downloadable-resources\/\" \/>\n<meta property=\"og:site_name\" content=\"SurgX - English\" \/>\n<meta property=\"article:modified_time\" content=\"2024-03-23T13:05:36+00:00\" \/>\n<meta name=\"twitter:card\" content=\"summary_large_image\" \/>\n<meta name=\"twitter:label1\" content=\"Estimated reading time\" \/>\n\t<meta name=\"twitter:data1\" content=\"1 minute\" \/>\n<script type=\"application\/ld+json\" class=\"yoast-schema-graph\">{\"@context\":\"https:\/\/schema.org\",\"@graph\":[{\"@type\":\"WebSite\",\"@id\":\"https:\/\/www.surgx.fr\/en\/#website\",\"url\":\"https:\/\/www.surgx.fr\/en\/\",\"name\":\"SurgX - English\",\"description\":\"Veterinary Implant Manufacturer\",\"potentialAction\":[{\"@type\":\"SearchAction\",\"target\":{\"@type\":\"EntryPoint\",\"urlTemplate\":\"https:\/\/www.surgx.fr\/en\/?s={search_term_string}\"},\"query-input\":\"required name=search_term_string\"}],\"inLanguage\":\"en-GB\"},{\"@type\":\"WebPage\",\"@id\":\"https:\/\/www.surgx.fr\/en\/downloadable-resources\/#webpage\",\"url\":\"https:\/\/www.surgx.fr\/en\/downloadable-resources\/\",\"name\":\"Downloadable resources - SurgX - English\",\"isPartOf\":{\"@id\":\"https:\/\/www.surgx.fr\/en\/#website\"},\"datePublished\":\"2021-10-12T06:58:01+00:00\",\"dateModified\":\"2024-03-23T13:05:36+00:00\",\"breadcrumb\":{\"@id\":\"https:\/\/www.surgx.fr\/en\/downloadable-resources\/#breadcrumb\"},\"inLanguage\":\"en-GB\",\"potentialAction\":[{\"@type\":\"ReadAction\",\"target\":[\"https:\/\/www.surgx.fr\/en\/downloadable-resources\/\"]}]},{\"@type\":\"BreadcrumbList\",\"@id\":\"https:\/\/www.surgx.fr\/en\/downloadable-resources\/#breadcrumb\",\"itemListElement\":[{\"@type\":\"ListItem\",\"position\":1,\"name\":\"Accueil\",\"item\":\"https:\/\/www.surgx.fr\/en\/\"},{\"@type\":\"ListItem\",\"position\":2,\"name\":\"Downloadable resources\"}]}]}<\/script>\n<!-- \/ Yoast SEO plugin. -->","yoast_head_json":{"title":"Downloadable resources - SurgX - English","robots":{"index":"noindex","follow":"follow"},"og_locale":"en_GB","og_type":"article","og_title":"Downloadable resources - SurgX - English","og_description":"Downloadable resourcesDOCUMENTS Exclusive access and downloading of documentation, x-ray templates and scientific articles, is reserved for veterinarians with an account.User guidesUsers GuideX-Ray TemplatesScientific ArticlesJ. Deprey et al. (2020) In vitro comparison on a gap fracture model of a novel angle stable interlocking nail to locking plate\u2026, [&hellip;]","og_url":"https:\/\/www.surgx.fr\/en\/downloadable-resources\/","og_site_name":"SurgX - English","article_modified_time":"2024-03-23T13:05:36+00:00","twitter_card":"summary_large_image","twitter_misc":{"Estimated reading time":"1 minute"},"schema":{"@context":"https:\/\/schema.org","@graph":[{"@type":"WebSite","@id":"https:\/\/www.surgx.fr\/en\/#website","url":"https:\/\/www.surgx.fr\/en\/","name":"SurgX - English","description":"Veterinary Implant Manufacturer","potentialAction":[{"@type":"SearchAction","target":{"@type":"EntryPoint","urlTemplate":"https:\/\/www.surgx.fr\/en\/?s={search_term_string}"},"query-input":"required name=search_term_string"}],"inLanguage":"en-GB"},{"@type":"WebPage","@id":"https:\/\/www.surgx.fr\/en\/downloadable-resources\/#webpage","url":"https:\/\/www.surgx.fr\/en\/downloadable-resources\/","name":"Downloadable resources - SurgX - English","isPartOf":{"@id":"https:\/\/www.surgx.fr\/en\/#website"},"datePublished":"2021-10-12T06:58:01+00:00","dateModified":"2024-03-23T13:05:36+00:00","breadcrumb":{"@id":"https:\/\/www.surgx.fr\/en\/downloadable-resources\/#breadcrumb"},"inLanguage":"en-GB","potentialAction":[{"@type":"ReadAction","target":["https:\/\/www.surgx.fr\/en\/downloadable-resources\/"]}]},{"@type":"BreadcrumbList","@id":"https:\/\/www.surgx.fr\/en\/downloadable-resources\/#breadcrumb","itemListElement":[{"@type":"ListItem","position":1,"name":"Accueil","item":"https:\/\/www.surgx.fr\/en\/"},{"@type":"ListItem","position":2,"name":"Downloadable resources"}]}]}},"_links":{"self":[{"href":"https:\/\/www.surgx.fr\/en\/wp-json\/wp\/v2\/pages\/958"}],"collection":[{"href":"https:\/\/www.surgx.fr\/en\/wp-json\/wp\/v2\/pages"}],"about":[{"href":"https:\/\/www.surgx.fr\/en\/wp-json\/wp\/v2\/types\/page"}],"author":[{"embeddable":true,"href":"https:\/\/www.surgx.fr\/en\/wp-json\/wp\/v2\/users\/1"}],"replies":[{"embeddable":true,"href":"https:\/\/www.surgx.fr\/en\/wp-json\/wp\/v2\/comments?post=958"}],"version-history":[{"count":4,"href":"https:\/\/www.surgx.fr\/en\/wp-json\/wp\/v2\/pages\/958\/revisions"}],"predecessor-version":[{"id":1184,"href":"https:\/\/www.surgx.fr\/en\/wp-json\/wp\/v2\/pages\/958\/revisions\/1184"}],"wp:attachment":[{"href":"https:\/\/www.surgx.fr\/en\/wp-json\/wp\/v2\/media?parent=958"}],"curies":[{"name":"wp","href":"https:\/\/api.w.org\/{rel}","templated":true}]}}